{"id":1305,"date":"2019-08-12T00:07:19","date_gmt":"2019-08-12T00:07:19","guid":{"rendered":"http:\/\/162.243.6.39\/?page_id=1305"},"modified":"2021-01-26T10:49:27","modified_gmt":"2021-01-26T13:49:27","slug":"abordagem","status":"publish","type":"page","link":"https:\/\/dalpian.arq.br\/index.php\/abordagem\/","title":{"rendered":"Abordagem"},"content":{"rendered":"<h3>Somos especialistas em trabalhos de grande complexidade program\u00e1tica e tecnol\u00f3gica, que abrangem as diversas escalas do edif\u00edcio, da cidade, da paisagem e do objeto.<\/h3>\n<p>&nbsp;<\/p>\n<p>Desde sua funda\u00e7\u00e3o, a Dal Pian Arquitetos sempre atuou nas diversas escalas e temas da arquitetura, desenvolvendo projetos p\u00fablicos e privados nas \u00e1reas culturais, educacionais, comerciais, residenciais, esportivas, industriais, de log\u00edstica, de patrim\u00f4nio hist\u00f3rico e de infraestrutura urbana.<\/p>\n<p>Essa constante experi\u00eancia no trabalho plural em diversas \u00e1reas da arquitetura nos tem permitido sempre responder de modo r\u00e1pido e assertivo a todo tipo de demanda.<\/p>\n<p>&nbsp;<\/p>\n<h3><\/h3>\n","protected":false},"excerpt":{"rendered":"<p>Somos especialistas em trabalhos de grande complexidade program\u00e1tica e tecnol\u00f3gica, que abrangem as diversas escalas do edif\u00edcio, da cidade, da paisagem e do objeto. &nbsp; Desde sua funda\u00e7\u00e3o, a Dal Pian Arquitetos sempre atuou nas diversas escalas e temas da arquitetura, desenvolvendo projetos p\u00fablicos e privados nas \u00e1reas culturais, educacionais, comerciais, residenciais, esportivas, industriais, de [&hellip;]<\/p>\n","protected":false},"author":1,"featured_media":0,"parent":0,"menu_order":0,"comment_status":"closed","ping_status":"closed","template":"","meta":{"_mi_skip_tracking":false,"_monsterinsights_sitenote_active":false,"_monsterinsights_sitenote_note":"","_monsterinsights_sitenote_category":0},"_links":{"self":[{"href":"https:\/\/dalpian.arq.br\/index.php\/wp-json\/wp\/v2\/pages\/1305"}],"collection":[{"href":"https:\/\/dalpian.arq.br\/index.php\/wp-json\/wp\/v2\/pages"}],"about":[{"href":"https:\/\/dalpian.arq.br\/index.php\/wp-json\/wp\/v2\/types\/page"}],"author":[{"embeddable":true,"href":"https:\/\/dalpian.arq.br\/index.php\/wp-json\/wp\/v2\/users\/1"}],"replies":[{"embeddable":true,"href":"https:\/\/dalpian.arq.br\/index.php\/wp-json\/wp\/v2\/comments?post=1305"}],"version-history":[{"count":74,"href":"https:\/\/dalpian.arq.br\/index.php\/wp-json\/wp\/v2\/pages\/1305\/revisions"}],"predecessor-version":[{"id":10709,"href":"https:\/\/dalpian.arq.br\/index.php\/wp-json\/wp\/v2\/pages\/1305\/revisions\/10709"}],"wp:attachment":[{"href":"https:\/\/dalpian.arq.br\/index.php\/wp-json\/wp\/v2\/media?parent=1305"}],"curies":[{"name":"wp","href":"https:\/\/api.w.org\/{rel}","templated":true}]}}